{"id":1028,"date":"2021-07-25T01:19:16","date_gmt":"2021-07-25T00:19:16","guid":{"rendered":"https:\/\/smartdest.web.uma.pt\/?page_id=1028"},"modified":"2021-08-26T17:19:11","modified_gmt":"2021-08-26T16:19:11","slug":"monitorizacao-de-pontos-turisticos","status":"publish","type":"page","link":"https:\/\/smartdest.web.uma.pt\/?page_id=1028","title":{"rendered":"Monitoriza\u00e7\u00e3o de Pontos Tur\u00edsticos"},"content":{"rendered":"<p>Um dos desafios premanentes para o turismo \u00e9 a gest\u00e3o da sobrecarga, acontecendo alguns pontos de interesse terem visitantes de grande n\u00famero, diminuindo a qualidade da experi\u00eancia a cada turista e degradando o ponto tur\u00edstico. Uma tarefa importante \u00e9 conseguir obter um n\u00famero bastante aproximado de pessoas em cada local e cada<br \/>momento, permitindo detalhar a frequ\u00eancia de acesso aos espa\u00e7os e as tend\u00eancias que possam existir na sua visita.<\/p>\n<p>O objetivo desta tarefa \u00e9, usando uma solu\u00e7\u00e3o de Internet of Things (loT), conseguir, de forma n\u00e3o intrusiva e mantendo o anonimato dos visitantes, contar as pessoas presentes num dado espa\u00e7o tur\u00edstico atrav\u00e9s de c\u00e2maras e algoritmos open-source de contagem de pessoas. Como exemplo, o hardware sugerido \u00e9 um mini-computador (e outros componentes necess\u00e1rios, como c\u00e2mara 720p) que suporte as fun\u00e7\u00f5es indicadas. O equipamento deve estar protegido numa caixa que garanta a sua utiliza\u00e7\u00e3o em ambiente de exterior.<\/p>\n<p>Os resultados desta contagem devem poder ser consultados numa plataforma web privada, mas poss\u00edvel de colocar p\u00fablica no futuro, permitindo ter uma perce\u00e7\u00e3o clara da evolu\u00e7\u00e3o da ocupa\u00e7\u00e3o do espa\u00e7o ao longo do tempo. A plataforma deve suportar a inclus\u00e3o de v\u00e1rios pontos de contagem.<\/p>\n<p>Outupts:<br \/>\u2022 Um prot\u00f3tipo completo e funcional de um equipamento para a contagem de pessoas;<br \/>\u2022 Uma plataforma web para a consulta dos dados<\/p>\n\n\n<figure class=\"wp-block-gallery columns-3 is-cropped wp-block-gallery-1 is-layout-flex wp-block-gallery-is-layout-flex\"><ul class=\"blocks-gallery-grid\"><li class=\"blocks-gallery-item\"><figure><img loading=\"lazy\" decoding=\"async\" width=\"1024\" height=\"768\" src=\"https:\/\/smartdest.web.uma.pt\/wp-content\/uploads\/2021\/08\/IMG-20210630-WA0005-1024x768.jpg\" alt=\"\" data-id=\"1784\" data-link=\"https:\/\/smartdest.web.uma.pt\/?attachment_id=1784\" class=\"wp-image-1784\" srcset=\"https:\/\/smartdest.web.uma.pt\/wp-content\/uploads\/2021\/08\/IMG-20210630-WA0005-1024x768.jpg 1024w, https:\/\/smartdest.web.uma.pt\/wp-content\/uploads\/2021\/08\/IMG-20210630-WA0005-300x225.jpg 300w, https:\/\/smartdest.web.uma.pt\/wp-content\/uploads\/2021\/08\/IMG-20210630-WA0005-768x576.jpg 768w, https:\/\/smartdest.web.uma.pt\/wp-content\/uploads\/2021\/08\/IMG-20210630-WA0005-1536x1152.jpg 1536w, https:\/\/smartdest.web.uma.pt\/wp-content\/uploads\/2021\/08\/IMG-20210630-WA0005.jpg 1920w\" sizes=\"(max-width: 1024px) 100vw, 1024px\" \/><\/figure><\/li><li class=\"blocks-gallery-item\"><figure><img loading=\"lazy\" decoding=\"async\" width=\"566\" height=\"776\" src=\"https:\/\/smartdest.web.uma.pt\/wp-content\/uploads\/2021\/08\/IMG-20210821-WA0005-Copy.jpg\" alt=\"\" data-id=\"1785\" data-link=\"https:\/\/smartdest.web.uma.pt\/?attachment_id=1785\" class=\"wp-image-1785\" srcset=\"https:\/\/smartdest.web.uma.pt\/wp-content\/uploads\/2021\/08\/IMG-20210821-WA0005-Copy.jpg 566w, https:\/\/smartdest.web.uma.pt\/wp-content\/uploads\/2021\/08\/IMG-20210821-WA0005-Copy-219x300.jpg 219w\" sizes=\"(max-width: 566px) 100vw, 566px\" \/><\/figure><\/li><li class=\"blocks-gallery-item\"><figure><img loading=\"lazy\" decoding=\"async\" width=\"770\" height=\"1024\" src=\"https:\/\/smartdest.web.uma.pt\/wp-content\/uploads\/2021\/08\/IMG_20210821_152419-Copy-770x1024.jpg\" alt=\"\" data-id=\"1786\" data-full-url=\"https:\/\/smartdest.web.uma.pt\/wp-content\/uploads\/2021\/08\/IMG_20210821_152419-Copy.jpg\" data-link=\"https:\/\/smartdest.web.uma.pt\/?attachment_id=1786\" class=\"wp-image-1786\" srcset=\"https:\/\/smartdest.web.uma.pt\/wp-content\/uploads\/2021\/08\/IMG_20210821_152419-Copy-770x1024.jpg 770w, https:\/\/smartdest.web.uma.pt\/wp-content\/uploads\/2021\/08\/IMG_20210821_152419-Copy-226x300.jpg 226w, https:\/\/smartdest.web.uma.pt\/wp-content\/uploads\/2021\/08\/IMG_20210821_152419-Copy-768x1021.jpg 768w, https:\/\/smartdest.web.uma.pt\/wp-content\/uploads\/2021\/08\/IMG_20210821_152419-Copy-1155x1536.jpg 1155w, https:\/\/smartdest.web.uma.pt\/wp-content\/uploads\/2021\/08\/IMG_20210821_152419-Copy.jpg 1504w\" sizes=\"(max-width: 770px) 100vw, 770px\" \/><\/figure><\/li><\/ul><\/figure>\n","protected":false},"excerpt":{"rendered":"<p>Um dos desafios premanentes para o turismo \u00e9 a gest\u00e3o da sobrecarga, acontecendo alguns pontos de interesse terem visitantes de [&hellip;]<\/p>\n","protected":false},"author":1,"featured_media":0,"parent":0,"menu_order":0,"comment_status":"closed","ping_status":"closed","template":"","meta":{"footnotes":""},"acf":[],"_links":{"self":[{"href":"https:\/\/smartdest.web.uma.pt\/index.php?rest_route=\/wp\/v2\/pages\/1028"}],"collection":[{"href":"https:\/\/smartdest.web.uma.pt\/index.php?rest_route=\/wp\/v2\/pages"}],"about":[{"href":"https:\/\/smartdest.web.uma.pt\/index.php?rest_route=\/wp\/v2\/types\/page"}],"author":[{"embeddable":true,"href":"https:\/\/smartdest.web.uma.pt\/index.php?rest_route=\/wp\/v2\/users\/1"}],"replies":[{"embeddable":true,"href":"https:\/\/smartdest.web.uma.pt\/index.php?rest_route=%2Fwp%2Fv2%2Fcomments&post=1028"}],"version-history":[{"count":4,"href":"https:\/\/smartdest.web.uma.pt\/index.php?rest_route=\/wp\/v2\/pages\/1028\/revisions"}],"predecessor-version":[{"id":1788,"href":"https:\/\/smartdest.web.uma.pt\/index.php?rest_route=\/wp\/v2\/pages\/1028\/revisions\/1788"}],"wp:attachment":[{"href":"https:\/\/smartdest.web.uma.pt\/index.php?rest_route=%2Fwp%2Fv2%2Fmedia&parent=1028"}],"curies":[{"name":"wp","href":"https:\/\/api.w.org\/{rel}","templated":true}]}}